{"id":792,"date":"2020-04-28T11:45:06","date_gmt":"2020-04-28T16:45:06","guid":{"rendered":"http:\/\/digitalfactory.mx\/Clientes\/digipackhome\/wp\/?page_id=792"},"modified":"2020-07-07T20:30:10","modified_gmt":"2020-07-08T01:30:10","slug":"servicios","status":"publish","type":"page","link":"https:\/\/digipack.mx\/envases\/servicios\/","title":{"rendered":"Servicios"},"content":{"rendered":"<p>[vc_section full_width=&#8221;stretch_row&#8221; css=&#8221;.vc_custom_1589777928672{background-color: #f9f9f9 !important;}&#8221;][vc_row row_visible=&#8221;&#8221; en_image_bottom=&#8221;&#8221; css=&#8221;.vc_custom_1588385547289{margin-top: 120px !important;margin-right: 13% !important;margin-bottom: 72px !important;margin-left: 13% !important;}&#8221;][vc_column][vc_column_text]<\/p>\n<h2 style=\"text-align: center;\">En Digipack nos preocupamos por ofrecerte una oferta competitiva de acuerdo al giro, escala y presupuesto.<\/h2>\n<h4 style=\"text-align: center;\"><span style=\"color: #8cba37; font-size: 20px;\">Asesoramiento integral en nuestros productos y materiales de Envases y Desechables.<\/span><\/h4>\n<p>[\/vc_column_text][\/vc_column][\/vc_row][vc_row][vc_column][vc_basic_grid post_type=&#8221;service&#8221; max_items=&#8221;-1&#8243; order=&#8221;ASC&#8221; item=&#8221;925&#8243; initial_loading_animation=&#8221;none&#8221; grid_id=&#8221;vc_gid:1594171779918-a1cee2d11ddfe1d5dee08be0c1c6d6d8-9&#8243; el_class=&#8221;grid-ser&#8221;][\/vc_column][\/vc_row][\/vc_section][vc_section css=&#8221;.vc_custom_1588280946033{margin-top: 100px !important;margin-bottom: 100px !important;}&#8221;][vc_row full_width=&#8221;stretch_row&#8221; row_visible=&#8221;&#8221; en_image_bottom=&#8221;&#8221;][vc_column width=&#8221;5\/12&#8243;][vc_single_image image=&#8221;1062&#8243; img_size=&#8221;full&#8221; alignment=&#8221;center&#8221;][\/vc_column][vc_column width=&#8221;7\/12&#8243;][vc_column_text css=&#8221;.vc_custom_1590096394868{margin-bottom: 32px !important;}&#8221;]<\/p>\n<h2>\u00a1No importa qu\u00e9 tipo de empaque necesites\u2026 nosotros tenemos tu soluci\u00f3n!<\/h2>\n<h4><span style=\"color: #8cba37;\">Como parte de nuestra propuesta de valor ofrecemos los siguientes servicios de asesoramiento integral en nuestros productos y materiales.<\/span><\/h4>\n<p>[\/vc_column_text][vc_column_text css=&#8221;.vc_custom_1590031964857{margin-bottom: 32px !important;}&#8221;]D\u00e9janos asesorarte en los tama\u00f1os, creaci\u00f3n y desarrollo de <strong>tus necesidades<\/strong>. Promovemos una <strong>amplia gama de productos<\/strong> de protecci\u00f3n y conservaci\u00f3n para tus necesidades de <strong>almacenaje, transportaci\u00f3n, paqueter\u00eda y procesos log\u00edsticos<\/strong> que involucren manejo de mercanc\u00eda y personalizaci\u00f3n a trav\u00e9s de nuestro equipo de dise\u00f1o e imagen corporativa. Asimismo, contamos con un \u00e1rea especializada y profesional de dise\u00f1o gr\u00e1fico para cumplir con tus necesidades. <strong>Soluciones a la medida <\/strong>de tus necesidades.[\/vc_column_text][vc_row_inner][vc_column_inner width=&#8221;1\/2&#8243;][vc_btn title=&#8221;5588120580&#8243; color=&#8221;default&#8221; align=&#8221;left&#8221; i_icon_fontawesome=&#8221;fab fa-whatsapp&#8221; add_icon=&#8221;true&#8221; el_class=&#8221;btn-digi-wp&#8221; link=&#8221;url:https%3A%2F%2Fwa.me%2F525588120580%3Ftext%3DHola%2C%2520Necesito%2520Informaci%C3%B3n|||&#8221;][\/vc_column_inner][vc_column_inner width=&#8221;1\/2&#8243;][vc_btn title=&#8221;COTIZAR&#8221; color=&#8221;default&#8221; align=&#8221;left&#8221; link=&#8221;url:https%3A%2F%2Fdigipack.mx%2Fenvases%2Fcontacto%2F|||&#8221; el_class=&#8221;btn-digi&#8221;][\/vc_column_inner][\/vc_row_inner][\/vc_column][\/vc_row][\/vc_section][vc_section full_width=&#8221;stretch_row&#8221; css=&#8221;.vc_custom_1589769685477{padding-top: 140px !important;padding-bottom: 100px !important;background-image: url(http:\/\/digitalfactory.mx\/Clientes\/digipackhome\/wp-content\/uploads\/2020\/05\/banner-diferenciadores-secciones.jpg?id=1004) !important;}&#8221; el_class=&#8221;cover-footer&#8221;][vc_row row_visible=&#8221;&#8221; en_image_bottom=&#8221;&#8221;][vc_column width=&#8221;1\/3&#8243;][\/vc_column][vc_column width=&#8221;1\/3&#8243;][vc_single_image image=&#8221;785&#8243; img_size=&#8221;full&#8221; alignment=&#8221;center&#8221; css=&#8221;.vc_custom_1589768832486{padding-right: 10% !important;padding-left: 10% !important;}&#8221;][\/vc_column][vc_column width=&#8221;1\/3&#8243;][\/vc_column][\/vc_row][\/vc_section]<\/p>\n","protected":false},"excerpt":{"rendered":"<p>[vc_section full_width=&#8221;stretch_row&#8221; css=&#8221;.vc_custom_1589777928672{background-color: #f9f9f9 !important;}&#8221;][vc_row row_visible=&#8221;&#8221; en_image_bottom=&#8221;&#8221; css=&#8221;.vc_custom_1588385547289{margin-top: 120px !important;margin-right: 13% !important;margin-bottom: 72px !important;margin-left: 13% !important;}&#8221;][vc_column][vc_column_text] En Digipack nos preocupamos por ofrecerte una oferta competitiva de acuerdo al giro, escala y presupuesto. Asesoramiento integral en nuestros productos y materiales de Envases y Desechables. [\/vc_column_text][\/vc_column][\/vc_row][vc_row][vc_column][vc_basic_grid post_type=&#8221;service&#8221; max_items=&#8221;-1&#8243; order=&#8221;ASC&#8221; item=&#8221;925&#8243; initial_loading_animation=&#8221;none&#8221; grid_id=&#8221;vc_gid:1594171779918-a1cee2d11ddfe1d5dee08be0c1c6d6d8-9&#8243; el_class=&#8221;grid-ser&#8221;][\/vc_column][\/vc_row][\/vc_section][vc_section css=&#8221;.vc_custom_1588280946033{margin-top: 100px !important;margin-bottom: 100px [&hellip;]<\/p>\n","protected":false},"author":1,"featured_media":0,"parent":0,"menu_order":3,"comment_status":"closed","ping_status":"closed","template":"","meta":{"footnotes":""},"_links":{"self":[{"href":"https:\/\/digipack.mx\/envases\/wp-json\/wp\/v2\/pages\/792"}],"collection":[{"href":"https:\/\/digipack.mx\/envases\/wp-json\/wp\/v2\/pages"}],"about":[{"href":"https:\/\/digipack.mx\/envases\/wp-json\/wp\/v2\/types\/page"}],"author":[{"embeddable":true,"href":"https:\/\/digipack.mx\/envases\/wp-json\/wp\/v2\/users\/1"}],"replies":[{"embeddable":true,"href":"https:\/\/digipack.mx\/envases\/wp-json\/wp\/v2\/comments?post=792"}],"version-history":[{"count":44,"href":"https:\/\/digipack.mx\/envases\/wp-json\/wp\/v2\/pages\/792\/revisions"}],"predecessor-version":[{"id":1156,"href":"https:\/\/digipack.mx\/envases\/wp-json\/wp\/v2\/pages\/792\/revisions\/1156"}],"wp:attachment":[{"href":"https:\/\/digipack.mx\/envases\/wp-json\/wp\/v2\/media?parent=792"}],"curies":[{"name":"wp","href":"https:\/\/api.w.org\/{rel}","templated":true}]}}