{"id":61,"date":"2018-03-09T04:22:01","date_gmt":"2018-03-09T10:22:01","guid":{"rendered":"http:\/\/dev.joomexp.com\/wordpress\/novagreen\/?page_id=61"},"modified":"2020-05-26T01:37:52","modified_gmt":"2020-05-26T06:37:52","slug":"contacto","status":"publish","type":"page","link":"https:\/\/digipack.mx\/envases\/contacto\/","title":{"rendered":"Contacto"},"content":{"rendered":"<p>[vc_section][vc_row][vc_column width=&#8221;1\/3&#8243;][vc_column_text]<\/p>\n<h2><span style=\"color: #6ab42f;\">Solicita una cotizaci\u00f3n<\/span><\/h2>\n<p>Obt\u00e9n una <strong>estimaci\u00f3n de costos r\u00e1pida, gratuita y sin compromiso<\/strong> de Digipack.<\/p>\n<p>Proporcione a continuaci\u00f3n informaci\u00f3n sobre sus necesidades y nos pondremos en contacto con usted de inmediato con una cifra que pueda utilizar en su planificaci\u00f3n.[\/vc_column_text][\/vc_column][vc_column width=&#8221;2\/3&#8243;]<div role=\"form\" class=\"wpcf7\" id=\"wpcf7-f829-o1\" lang=\"es-MX\" dir=\"ltr\">\n<div class=\"screen-reader-response\" aria-live=\"polite\"><\/div>\n<form action=\"\/envases\/wp-json\/wp\/v2\/pages\/61#wpcf7-f829-o1\" method=\"post\" class=\"wpcf7-form\" novalidate=\"novalidate\">\n<div style=\"display: none;\">\n<input type=\"hidden\" name=\"_wpcf7\" value=\"829\" \/>\n<input type=\"hidden\" name=\"_wpcf7_version\" value=\"5.1.8\" \/>\n<input type=\"hidden\" name=\"_wpcf7_locale\" value=\"es_MX\" \/>\n<input type=\"hidden\" name=\"_wpcf7_unit_tag\" value=\"wpcf7-f829-o1\" \/>\n<input type=\"hidden\" name=\"_wpcf7_container_post\" value=\"0\" \/>\n<\/div>\n<div class=\"row\">\n<div class=\"col-xs-12 col-md-6\"><span class=\"wpcf7-form-control-wrap nombre\"><input type=\"text\" name=\"nombre\" value=\"\" size=\"40\" class=\"wpcf7-form-control wpcf7-text wpcf7-validates-as-required name-u\" id=\"name-u\" aria-required=\"true\" aria-invalid=\"false\" placeholder=\"Nombre *\" \/><\/span><\/div>\n<div class=\"col-xs-12 col-md-6\"><span class=\"wpcf7-form-control-wrap empresa\"><input type=\"text\" name=\"empresa\" value=\"\" size=\"40\" class=\"wpcf7-form-control wpcf7-text name-u\" id=\"name-u\" aria-invalid=\"false\" placeholder=\"Empresa\" \/><\/span><\/div><\/div>\n<div class=\"row\">\n<div class=\"col-xs-12 col-md-6\"><span class=\"wpcf7-form-control-wrap tel\"><input type=\"tel\" name=\"tel\" value=\"\" size=\"40\" class=\"wpcf7-form-control wpcf7-text wpcf7-tel wpcf7-validates-as-tel phone-u\" id=\"phone-u\" aria-invalid=\"false\" placeholder=\"Tel\u00e9fono\" \/><\/span><\/div>\n<div class=\"col-xs-12 col-md-6\"><span class=\"wpcf7-form-control-wrap mail-u\"><input type=\"email\" name=\"mail-u\" value=\"\" size=\"40\" class=\"wpcf7-form-control wpcf7-text wpcf7-email wpcf7-validates-as-required wpcf7-validates-as-email email-u\" id=\"email-u\" aria-required=\"true\" aria-invalid=\"false\" placeholder=\"Correo electr\u00f3nico *\" \/><\/span><\/div><\/div>\n<div class=\"row\">\n<div class=\"col-xs-12 col-md-6\"><span class=\"wpcf7-form-control-wrap asunto\"><input type=\"text\" name=\"asunto\" value=\"\" size=\"40\" class=\"wpcf7-form-control wpcf7-text wpcf7-validates-as-required name-u\" id=\"asunto-u\" aria-required=\"true\" aria-invalid=\"false\" placeholder=\"Asunto *\" \/><\/span><\/div>\n<div class=\"col-xs-12 col-md-6\"><\/div><\/div>\n<div><span class=\"wpcf7-form-control-wrap mensaje\"><textarea name=\"mensaje\" cols=\"40\" rows=\"10\" class=\"wpcf7-form-control wpcf7-textarea textarea-u\" id=\"textarea-u\" aria-invalid=\"false\" placeholder=\"Mensaje\"><\/textarea><\/span><\/div>\n<p>    <input type=\"submit\" value=\"ENVIAR\" class=\"wpcf7-form-control wpcf7-submit sub\" id=\"sub\" \/>\n<\/p><\/div>\n<div class=\"wpcf7-response-output wpcf7-display-none\" aria-hidden=\"true\"><\/div><\/form><\/div>[\/vc_column][\/vc_row][\/vc_section][vc_section][vc_row][vc_column width=&#8221;1\/3&#8243;][vc_column_text css=&#8221;.vc_custom_1590474971406{margin-bottom: 52px !important;}&#8221;]<\/p>\n<h2><span style=\"color: #6ab42f;\">Vis\u00edtanos o ll\u00e1manos. Nuestras puertas est\u00e1n siempre abiertas.<\/span><\/h2>\n<p>[\/vc_column_text][vc_column_text]<\/p>\n<h3>Digipack CDMX<\/h3>\n<p>Cerrada 20 de Agosto #11 Col. Pueblo de Culhuacan Iztapalapa. cp. 09800<\/p>\n<p>Tel: 5541 5348[\/vc_column_text][\/vc_column][vc_column width=&#8221;2\/3&#8243;][vc_raw_html]JTNDaWZyYW1lJTIwc3JjJTNEJTIyaHR0cHMlM0ElMkYlMkZ3d3cuZ29vZ2xlLmNvbSUyRm1hcHMlMkZlbWJlZCUzRnBiJTNEJTIxMW0xOCUyMTFtMTIlMjExbTMlMjExZDM0ODguMzgyODQzMjA2NzI2NiUyMTJkLTk5LjExMTk1NTA3OTcyMjg1JTIxM2QxOS4zMzYxNjQ4Nzg4MzI4MzIlMjEybTMlMjExZjAlMjEyZjAlMjEzZjAlMjEzbTIlMjExaTEwMjQlMjEyaTc2OCUyMTRmMTMuMSUyMTNtMyUyMTFtMiUyMTFzMHg4NWNlMDFmY2Y1NjVjNjJiJTI1M0EweDg1YjZjOTg3NTc4NjA3YTQlMjEyc0RpZ2lwYWNrJTI1MjBzYSUyNTIwZGUlMjUyMGN2JTIxNWUwJTIxM20yJTIxMXNlcyUyMTJzbXglMjE0djE1ODgxMjMzMzc5MTIlMjE1bTIlMjExc2VzJTIxMnNteCUyMiUyMHdpZHRoJTNEJTIyMTAwJTI1JTIyJTIwaGVpZ2h0JTNEJTIyNDUwJTIyJTIwZnJhbWVib3JkZXIlM0QlMjIwJTIyJTIwc3R5bGUlM0QlMjJib3JkZXIlM0EwJTNCJTIyJTIwYWxsb3dmdWxsc2NyZWVuJTNEJTIyJTIyJTIwYXJpYS1oaWRkZW4lM0QlMjJmYWxzZSUyMiUyMHRhYmluZGV4JTNEJTIyMCUyMiUzRSUzQyUyRmlmcmFtZSUzRQ==[\/vc_raw_html][\/vc_column][\/vc_row][vc_row][vc_column width=&#8221;1\/3&#8243;][vc_column_text]<\/p>\n<h3>Digipack Caribe<\/h3>\n<p>Super Manzana 301, Mz. 24, Lote 5, Local 1 Central de Abastos Canc\u00fan Q. Roo<\/p>\n<p>Tel: (998) 886 23 18[\/vc_column_text][\/vc_column][vc_column width=&#8221;2\/3&#8243;][vc_raw_html]JTNDaWZyYW1lJTIwc3JjJTNEJTIyaHR0cHMlM0ElMkYlMkZ3d3cuZ29vZ2xlLmNvbSUyRm1hcHMlMkZlbWJlZCUzRnBiJTNEJTIxMW0xOCUyMTFtMTIlMjExbTMlMjExZDExOTA5Mi45MTMyMTA3Nzg4MyUyMTJkLTg2LjkyNzk2NjY5ODkxODk2JTIxM2QyMS4xMjYzNzQ2MDg5NTA0MSUyMTJtMyUyMTFmMCUyMTJmMCUyMTNmMCUyMTNtMiUyMTFpMTAyNCUyMTJpNzY4JTIxNGYxMy4xJTIxM20zJTIxMW0yJTIxMXMweDhmNGMyYjQ5MDUzZjlhMjclMjUzQTB4YzQzNDUzNmYzYzQwNTE2NyUyMTJzQ2VudHJhbCUyNTIwRGUlMjUyMEFiYXN0b3MlMjUyMENhbmN1biUyMTVlMCUyMTNtMiUyMTFzZXMlMjEyc214JTIxNHYxNTg4MTIzNzU2MTA1JTIxNW0yJTIxMXNlcyUyMTJzbXglMjIlMjB3aWR0aCUzRCUyMjEwMCUyNSUyMiUyMGhlaWdodCUzRCUyMjQ1MCUyMiUyMGZyYW1lYm9yZGVyJTNEJTIyMCUyMiUyMHN0eWxlJTNEJTIyYm9yZGVyJTNBMCUzQiUyMiUyMGFsbG93ZnVsbHNjcmVlbiUzRCUyMiUyMiUyMGFyaWEtaGlkZGVuJTNEJTIyZmFsc2UlMjIlMjB0YWJpbmRleCUzRCUyMjAlMjIlM0UlM0MlMkZpZnJhbWUlM0U=[\/vc_raw_html][\/vc_column][\/vc_row][\/vc_section][vc_section full_width=&#8221;stretch_row&#8221; el_class=&#8221;cover-footer&#8221; css=&#8221;.vc_custom_1589781778216{padding-top: 140px !important;padding-bottom: 100px !important;background-image: url(http:\/\/digitalfactory.mx\/Clientes\/digipackhome\/wp-content\/uploads\/2020\/05\/banner-diferenciadores-secciones.jpg?id=1004) !important;}&#8221;][vc_row][vc_column width=&#8221;1\/3&#8243;][\/vc_column][vc_column width=&#8221;1\/3&#8243;][vc_single_image image=&#8221;785&#8243; img_size=&#8221;full&#8221; alignment=&#8221;center&#8221; css=&#8221;.vc_custom_1589781684457{padding-right: 10% !important;padding-left: 10% !important;}&#8221;][\/vc_column][vc_column width=&#8221;1\/3&#8243;][\/vc_column][\/vc_row][\/vc_section]<\/p>\n","protected":false},"excerpt":{"rendered":"<p>[vc_section][vc_row][vc_column width=&#8221;1\/3&#8243;][vc_column_text] Solicita una cotizaci\u00f3n Obt\u00e9n una estimaci\u00f3n de costos r\u00e1pida, gratuita y sin compromiso de Digipack. Proporcione a continuaci\u00f3n informaci\u00f3n sobre sus necesidades y nos pondremos en contacto con usted de inmediato con una cifra que pueda utilizar en su planificaci\u00f3n.[\/vc_column_text][\/vc_column][vc_column width=&#8221;2\/3&#8243;][\/vc_column][\/vc_row][\/vc_section][vc_section][vc_row][vc_column width=&#8221;1\/3&#8243;][vc_column_text css=&#8221;.vc_custom_1590474971406{margin-bottom: 52px !important;}&#8221;] Vis\u00edtanos o ll\u00e1manos. Nuestras puertas est\u00e1n siempre abiertas. [&hellip;]<\/p>\n","protected":false},"author":1,"featured_media":0,"parent":0,"menu_order":4,"comment_status":"closed","ping_status":"closed","template":"","meta":{"footnotes":""},"_links":{"self":[{"href":"https:\/\/digipack.mx\/envases\/wp-json\/wp\/v2\/pages\/61"}],"collection":[{"href":"https:\/\/digipack.mx\/envases\/wp-json\/wp\/v2\/pages"}],"about":[{"href":"https:\/\/digipack.mx\/envases\/wp-json\/wp\/v2\/types\/page"}],"author":[{"embeddable":true,"href":"https:\/\/digipack.mx\/envases\/wp-json\/wp\/v2\/users\/1"}],"replies":[{"embeddable":true,"href":"https:\/\/digipack.mx\/envases\/wp-json\/wp\/v2\/comments?post=61"}],"version-history":[{"count":14,"href":"https:\/\/digipack.mx\/envases\/wp-json\/wp\/v2\/pages\/61\/revisions"}],"predecessor-version":[{"id":1129,"href":"https:\/\/digipack.mx\/envases\/wp-json\/wp\/v2\/pages\/61\/revisions\/1129"}],"wp:attachment":[{"href":"https:\/\/digipack.mx\/envases\/wp-json\/wp\/v2\/media?parent=61"}],"curies":[{"name":"wp","href":"https:\/\/api.w.org\/{rel}","templated":true}]}}